{"id":99,"date":"2010-03-25T22:17:23","date_gmt":"2010-03-26T02:17:23","guid":{"rendered":"http:\/\/www.projeltestautomatisation.com\/?page_id=99"},"modified":"2010-04-07T16:45:37","modified_gmt":"2010-04-07T20:45:37","slug":"services","status":"publish","type":"page","link":"https:\/\/www.projeltestautomatisation.com\/wordpress\/services","title":{"rendered":"Services"},"content":{"rendered":"<h4>Objectif de services :<\/h4>\n<p>Notre principal objectif est de fournir a notre client\u00e8le un service  de support technique de qualit\u00e9, 24\/24\u00a07\u00a0jours semaine, pour l\u2019entretien  et l\u2019automatisation des \u00e9quipements industriels de production  \u00e9lectronique pneumatique et m\u00e9canique.<\/p>\n<p>Notre personnel d\u2019exp\u00e9rience se fait un grand plaisir de vous  proposer des solutions novatrices \u00e0 vos probl\u00e8mes r\u00e9currents.<\/p>\n<p>Que ce soit de la r\u00e9paration a la r\u00e9-ing\u00e9nierie en passant par la  modernisation, nous assurons un service de qualit\u00e9 professionnel, rapide  et courtois.<\/p>\n<p>Notre \u00e9quipe de techniciens se tient \u00e0 jour des nouvelles  technologies utilis\u00e9es en industrie pour l\u2019automatisation des proc\u00e9d\u00e9s  de production des diff\u00e9rents domaines.<\/p>\n<p>Nous nous assurons de leur fiabilit\u00e9 avant leur implantation  d\u00e9finitive en usine, car l\u2019efficacit\u00e9 des\u00a0 \u00e9quipements nous tient \u00e0  c\u0153ur.<\/p>\n","protected":false},"excerpt":{"rendered":"<p>Objectif de services : Notre principal objectif est de fournir a notre client\u00e8le un service de support technique de qualit\u00e9,<a href=\"https:\/\/www.projeltestautomatisation.com\/wordpress\/services\" class=\"searchmore\">Read the Rest&#8230;<\/a><\/p>\n<div class=\"clr\"><\/div>\n","protected":false},"author":3,"featured_media":0,"parent":0,"menu_order":0,"comment_status":"closed","ping_status":"closed","template":"","meta":{"_mi_skip_tracking":false,"_monsterinsights_sitenote_active":false,"_monsterinsights_sitenote_note":"","_monsterinsights_sitenote_category":0,"_s2mail":""},"_links":{"self":[{"href":"https:\/\/www.projeltestautomatisation.com\/wordpress\/wp-json\/wp\/v2\/pages\/99"}],"collection":[{"href":"https:\/\/www.projeltestautomatisation.com\/wordpress\/wp-json\/wp\/v2\/pages"}],"about":[{"href":"https:\/\/www.projeltestautomatisation.com\/wordpress\/wp-json\/wp\/v2\/types\/page"}],"author":[{"embeddable":true,"href":"https:\/\/www.projeltestautomatisation.com\/wordpress\/wp-json\/wp\/v2\/users\/3"}],"replies":[{"embeddable":true,"href":"https:\/\/www.projeltestautomatisation.com\/wordpress\/wp-json\/wp\/v2\/comments?post=99"}],"version-history":[{"count":8,"href":"https:\/\/www.projeltestautomatisation.com\/wordpress\/wp-json\/wp\/v2\/pages\/99\/revisions"}],"predecessor-version":[{"id":101,"href":"https:\/\/www.projeltestautomatisation.com\/wordpress\/wp-json\/wp\/v2\/pages\/99\/revisions\/101"}],"wp:attachment":[{"href":"https:\/\/www.projeltestautomatisation.com\/wordpress\/wp-json\/wp\/v2\/media?parent=99"}],"curies":[{"name":"wp","href":"https:\/\/api.w.org\/{rel}","templated":true}]}}