{"id":60,"date":"2010-03-22T23:12:43","date_gmt":"2010-03-23T03:12:43","guid":{"rendered":"http:\/\/www.projeltestautomatisation.com\/?page_id=60"},"modified":"2010-05-11T10:42:58","modified_gmt":"2010-05-11T14:42:58","slug":"realisation","status":"publish","type":"page","link":"https:\/\/www.projeltestautomatisation.com\/wordpress\/realisation","title":{"rendered":"R\u00e9alisation"},"content":{"rendered":"<ul>\n<li>\n<h3><a title=\"Plus de d\u00e9tail\" href=\"https:\/\/www.projeltestautomatisation.com\/wordpress\/realisation\/empileuse-de-paquet-automatise\" target=\"_self\">Empileuse Automatis\u00e9:<\/a><\/h3>\n<div id=\"attachment_72\" style=\"width: 111px\" class=\"wp-caption aligncenter\"><img aria-describedby=\"caption-attachment-72\" decoding=\"async\" loading=\"lazy\" class=\"size-medium wp-image-72 \" src=\"https:\/\/www.projeltestautomatisation.com\/wordpress\/wp-content\/uploads\/2010\/03\/Empileuse-300x225.jpg\" alt=\"\" width=\"101\" height=\"77\" srcset=\"https:\/\/www.projeltestautomatisation.com\/wordpress\/wp-content\/uploads\/2010\/03\/Empileuse-300x225.jpg 300w, https:\/\/www.projeltestautomatisation.com\/wordpress\/wp-content\/uploads\/2010\/03\/Empileuse.jpg 480w\" sizes=\"(max-width: 101px) 100vw, 101px\" \/><p id=\"caption-attachment-72\" class=\"wp-caption-text\">Empileuse  Automatis\u00e9e<\/p><\/div>\n<p>\u00c0 la sortie d&#8217;une <strong>attacheuse<\/strong>, l&#8217;empileuse re\u00e7oit les paquets sur un <strong>convoyeur<\/strong> \u00e0 rouleau pour les saisir un \u00e0 un et les <strong>d\u00e9poser<\/strong> sur la <strong>palette de bois<\/strong> <a title=\"Plus de d\u00e9tail\" href=\"https:\/\/www.projeltestautomatisation.com\/wordpress\/realisation\/empileuse-de-paquet-automatise\" target=\"_self\">(&#8230;)<\/a><\/li>\n<li>\n<h3><a title=\"Plus de d\u00e9tail\" href=\"https:\/\/www.projeltestautomatisation.com\/wordpress\/realisation\/labelair-applicateur\" target=\"_self\">Applicateur d&#8217;\u00e9tiquette automatis\u00e9<\/a><\/h3>\n<h3>\n<p><div id=\"attachment_380\" style=\"width: 190px\" class=\"wp-caption aligncenter\"><a href=\"https:\/\/www.projeltestautomatisation.com\/wordpress\/wp-content\/uploads\/2010\/05\/IMGP0240.jpg\"><img aria-describedby=\"caption-attachment-380\" decoding=\"async\" loading=\"lazy\" class=\"size-medium wp-image-380 \" title=\"IMGP0240\" src=\"https:\/\/www.projeltestautomatisation.com\/wordpress\/wp-content\/uploads\/2010\/05\/IMGP0240-300x225.jpg\" alt=\"\" width=\"180\" height=\"135\" srcset=\"https:\/\/www.projeltestautomatisation.com\/wordpress\/wp-content\/uploads\/2010\/05\/IMGP0240-300x225.jpg 300w, https:\/\/www.projeltestautomatisation.com\/wordpress\/wp-content\/uploads\/2010\/05\/IMGP0240.jpg 480w\" sizes=\"(max-width: 180px) 100vw, 180px\" \/><\/a><p id=\"caption-attachment-380\" class=\"wp-caption-text\">Applicateur d&#39;\u00e9tiquette <\/p><\/div><\/h3>\n<p>\u00c0 partir d&#8217;un <strong>\u00e9quipement existant,<\/strong> des <strong>modifications<\/strong> ont  \u00e9t\u00e9 apport\u00e9es \u00e0 celui-ci pour <strong>appliquer avec pr\u00e9cision<\/strong> une  \u00e9tiquette<a title=\"Plus de d\u00e9tail\" href=\"https:\/\/www.projeltestautomatisation.com\/wordpress\/realisation\/labelair-applicateur\" target=\"_self\">(&#8230;) <\/a><\/li>\n<\/ul>\n","protected":false},"excerpt":{"rendered":"<p>Empileuse Automatis\u00e9: \u00c0 la sortie d&#8217;une attacheuse, l&#8217;empileuse re\u00e7oit les paquets sur un convoyeur \u00e0 rouleau pour les saisir un<a href=\"https:\/\/www.projeltestautomatisation.com\/wordpress\/realisation\" class=\"searchmore\">Read the Rest&#8230;<\/a><\/p>\n<div class=\"clr\"><\/div>\n","protected":false},"author":3,"featured_media":0,"parent":0,"menu_order":0,"comment_status":"closed","ping_status":"closed","template":"","meta":{"_mi_skip_tracking":false,"_monsterinsights_sitenote_active":false,"_monsterinsights_sitenote_note":"","_monsterinsights_sitenote_category":0,"_s2mail":""},"_links":{"self":[{"href":"https:\/\/www.projeltestautomatisation.com\/wordpress\/wp-json\/wp\/v2\/pages\/60"}],"collection":[{"href":"https:\/\/www.projeltestautomatisation.com\/wordpress\/wp-json\/wp\/v2\/pages"}],"about":[{"href":"https:\/\/www.projeltestautomatisation.com\/wordpress\/wp-json\/wp\/v2\/types\/page"}],"author":[{"embeddable":true,"href":"https:\/\/www.projeltestautomatisation.com\/wordpress\/wp-json\/wp\/v2\/users\/3"}],"replies":[{"embeddable":true,"href":"https:\/\/www.projeltestautomatisation.com\/wordpress\/wp-json\/wp\/v2\/comments?post=60"}],"version-history":[{"count":57,"href":"https:\/\/www.projeltestautomatisation.com\/wordpress\/wp-json\/wp\/v2\/pages\/60\/revisions"}],"predecessor-version":[{"id":94,"href":"https:\/\/www.projeltestautomatisation.com\/wordpress\/wp-json\/wp\/v2\/pages\/60\/revisions\/94"}],"wp:attachment":[{"href":"https:\/\/www.projeltestautomatisation.com\/wordpress\/wp-json\/wp\/v2\/media?parent=60"}],"curies":[{"name":"wp","href":"https:\/\/api.w.org\/{rel}","templated":true}]}}