{"id":223,"date":"2010-03-29T23:00:01","date_gmt":"2010-03-30T03:00:01","guid":{"rendered":"http:\/\/www.projeltestautomatisation.com\/?page_id=223"},"modified":"2010-08-10T11:56:31","modified_gmt":"2010-08-10T15:56:31","slug":"accueil","status":"publish","type":"page","link":"https:\/\/www.projeltestautomatisation.com\/wordpress\/","title":{"rendered":"Accueil"},"content":{"rendered":"<h2>Bonjour, nous vous offrons une gamme de services \u00e0 votre mesure.<\/h2>\n<ul>\n<li><strong>Automatisation <\/strong>et<strong> Int\u00e9gration de Syst\u00e8me.<\/strong><\/li>\n<li><a title=\"R\u00e9alisation contr\u00f4le et m\u00e9canique\" href=\"https:\/\/www.projeltestautomatisation.com\/wordpress\/realisation\" target=\"_self\"><strong>Fabrication M\u00e9canique<\/strong><\/a> de petit \u00e9quipement de production.<\/li>\n<li><strong>S\u00e9curit\u00e9 homme \/ machine<\/strong>\n<ul>\n<li><strong>Garde m\u00e9canique<\/strong><\/li>\n<li>Syst\u00e8me \u00c9lectrique de commande  appropri\u00e9e \u00e0  la S\u00e9curit\u00e9<\/li>\n<\/ul>\n<\/li>\n<li><strong> Entretien de<\/strong> <strong>Contr\u00f4les:<\/strong>\n<ul>\n<li><strong> \u00c9lectronique<\/strong><\/li>\n<li><strong>\u00c9lectrique<\/strong><\/li>\n<li><strong>Pneumatique<\/strong><\/li>\n<li><strong>M\u00e9canique<\/strong><\/li>\n<\/ul>\n<\/li>\n<li><strong>Service   24\/24           7 jours<\/strong><\/li>\n<\/ul>\n","protected":false},"excerpt":{"rendered":"<p>Bonjour, nous vous offrons une gamme de services \u00e0 votre mesure. Automatisation et Int\u00e9gration de Syst\u00e8me. Fabrication M\u00e9canique de petit<a href=\"https:\/\/www.projeltestautomatisation.com\/wordpress\/\" class=\"searchmore\">Read the Rest&#8230;<\/a><\/p>\n<div class=\"clr\"><\/div>\n","protected":false},"author":3,"featured_media":0,"parent":0,"menu_order":0,"comment_status":"closed","ping_status":"closed","template":"","meta":{"_mi_skip_tracking":false,"_monsterinsights_sitenote_active":false,"_monsterinsights_sitenote_note":"","_monsterinsights_sitenote_category":0,"_s2mail":""},"_links":{"self":[{"href":"https:\/\/www.projeltestautomatisation.com\/wordpress\/wp-json\/wp\/v2\/pages\/223"}],"collection":[{"href":"https:\/\/www.projeltestautomatisation.com\/wordpress\/wp-json\/wp\/v2\/pages"}],"about":[{"href":"https:\/\/www.projeltestautomatisation.com\/wordpress\/wp-json\/wp\/v2\/types\/page"}],"author":[{"embeddable":true,"href":"https:\/\/www.projeltestautomatisation.com\/wordpress\/wp-json\/wp\/v2\/users\/3"}],"replies":[{"embeddable":true,"href":"https:\/\/www.projeltestautomatisation.com\/wordpress\/wp-json\/wp\/v2\/comments?post=223"}],"version-history":[{"count":13,"href":"https:\/\/www.projeltestautomatisation.com\/wordpress\/wp-json\/wp\/v2\/pages\/223\/revisions"}],"predecessor-version":[{"id":407,"href":"https:\/\/www.projeltestautomatisation.com\/wordpress\/wp-json\/wp\/v2\/pages\/223\/revisions\/407"}],"wp:attachment":[{"href":"https:\/\/www.projeltestautomatisation.com\/wordpress\/wp-json\/wp\/v2\/media?parent=223"}],"curies":[{"name":"wp","href":"https:\/\/api.w.org\/{rel}","templated":true}]}}