{"id":2,"date":"2010-03-10T02:20:51","date_gmt":"2010-03-10T06:20:51","guid":{"rendered":"http:\/\/www.projeltestautomatisation.com\/wordpress\/?page_id=2"},"modified":"2010-04-14T23:06:21","modified_gmt":"2010-04-15T03:06:21","slug":"a-propos","status":"publish","type":"page","link":"https:\/\/www.projeltestautomatisation.com\/wordpress\/a-propos","title":{"rendered":"\u00c0 propos"},"content":{"rendered":"<p>Sur ce site, nous vous pr\u00e9sentons l\u2019\u00e9volution de notre compagnie et <a title=\"Service\" href=\"https:\/\/www.projeltestautomatisation.com\/wordpress\/services\" target=\"_self\">ses services<\/a>.<\/p>\n<p>Nous sommes fi\u00e8res de compter sur un <a title=\"client\" href=\"https:\/\/www.projeltestautomatisation.com\/wordpress\/clients\" target=\"_self\"><strong>large \u00e9ventail de clients<\/strong><\/a>.<\/p>\n<p>Nos clients se composent principalement d\u2019<strong>industrie manufacturi\u00e8re<\/strong> de tous les domaines d\u2019activit\u00e9, ainsi que de l&#8217;<strong>industrie commerciale en g\u00e9n\u00e9ral<\/strong> et de particulier \u00e0 l\u2019occasion.<\/p>\n<p>Vous trouverez des informations pertinentes sur nos <strong>produits et services<\/strong>, ainsi que nos <a title=\"Fournisseurs\" href=\"https:\/\/www.projeltestautomatisation.com\/wordpress\/fourniseurs\" target=\"_self\"><strong>fournisseurs<\/strong><\/a>.<\/p>\n<p>Soyez assur\u00e9 de notre entier d\u00e9vouement \u00e0 r\u00e9pondre \u00e0 vos <strong>questions<\/strong> et \u00e0 vous servir de la meilleure fa\u00e7on possible. <a title=\"Couriel G\u00e9n\u00e9ral\" href=\"mailto:projeltest@qc.aira.com\" target=\"_blank\">N\u2019h\u00e9sitez pas \u00e0 nous contacter pour toute question.<\/a><\/p>\n<p><a title=\"Couriel personalis\u00e9\" href=\"mailto:jeanluc@projeltestautomatisation.com\" target=\"_blank\">Jean-Luc Therrien T.P<\/a>. Pr\u00e9sident<\/p>\n<p><a title=\"Couriel personalis\u00e9\" href=\"mailto:jeanluc@projeltestautomatisation.com\" target=\"_blank\">jeanluc@projeltestautomatisation.com<\/a><\/p>\n","protected":false},"excerpt":{"rendered":"<p>Sur ce site, nous vous pr\u00e9sentons l\u2019\u00e9volution de notre compagnie et ses services. Nous sommes fi\u00e8res de compter sur un<a href=\"https:\/\/www.projeltestautomatisation.com\/wordpress\/a-propos\" class=\"searchmore\">Read the Rest&#8230;<\/a><\/p>\n<div class=\"clr\"><\/div>\n","protected":false},"author":3,"featured_media":0,"parent":0,"menu_order":0,"comment_status":"closed","ping_status":"closed","template":"","meta":{"_mi_skip_tracking":false,"_monsterinsights_sitenote_active":false,"_monsterinsights_sitenote_note":"","_monsterinsights_sitenote_category":0,"_s2mail":""},"_links":{"self":[{"href":"https:\/\/www.projeltestautomatisation.com\/wordpress\/wp-json\/wp\/v2\/pages\/2"}],"collection":[{"href":"https:\/\/www.projeltestautomatisation.com\/wordpress\/wp-json\/wp\/v2\/pages"}],"about":[{"href":"https:\/\/www.projeltestautomatisation.com\/wordpress\/wp-json\/wp\/v2\/types\/page"}],"author":[{"embeddable":true,"href":"https:\/\/www.projeltestautomatisation.com\/wordpress\/wp-json\/wp\/v2\/users\/3"}],"replies":[{"embeddable":true,"href":"https:\/\/www.projeltestautomatisation.com\/wordpress\/wp-json\/wp\/v2\/comments?post=2"}],"version-history":[{"count":27,"href":"https:\/\/www.projeltestautomatisation.com\/wordpress\/wp-json\/wp\/v2\/pages\/2\/revisions"}],"predecessor-version":[{"id":3,"href":"https:\/\/www.projeltestautomatisation.com\/wordpress\/wp-json\/wp\/v2\/pages\/2\/revisions\/3"}],"wp:attachment":[{"href":"https:\/\/www.projeltestautomatisation.com\/wordpress\/wp-json\/wp\/v2\/media?parent=2"}],"curies":[{"name":"wp","href":"https:\/\/api.w.org\/{rel}","templated":true}]}}