{"id":182,"date":"2010-03-28T18:34:21","date_gmt":"2010-03-28T22:34:21","guid":{"rendered":"http:\/\/www.projeltestautomatisation.com\/?page_id=182"},"modified":"2010-05-10T21:17:16","modified_gmt":"2010-05-11T01:17:16","slug":"historique","status":"publish","type":"page","link":"https:\/\/www.projeltestautomatisation.com\/wordpress\/historique","title":{"rendered":"Historique"},"content":{"rendered":"<p style=\"text-align: center;\"><a title=\"Direction Googel Street\" href=\"http:\/\/maps.google.ca\/maps?f=q&amp;source=s_q&amp;hl=fr&amp;geocode=&amp;q=687+cowie+granby&amp;sll=49.310351,-123.125153&amp;sspn=0.180857,0.441513&amp;ie=UTF8&amp;hq=&amp;hnear=687+Rue+Cowie,+Granby,+La+Haute-Yamaska,+Qu%C3%A9bec&amp;ll=45.394412,-72.748675&amp;spn=0.005455,0.027595&amp;z=15&amp;layer=c&amp;cbll=45.394397,-72.748663&amp;panoid=GcY7nFNQNkPpkw2pChU_Qg&amp;cbp=11,342.28,,0,2.34\" target=\"_blank\"><a href=\"https:\/\/www.projeltestautomatisation.com\/wordpress\/wp-content\/uploads\/2010\/05\/IMGP0243.jpg\"><img decoding=\"async\" loading=\"lazy\" class=\"size-medium wp-image-361 aligncenter\" title=\"Bureau\" src=\"https:\/\/www.projeltestautomatisation.com\/wordpress\/wp-content\/uploads\/2010\/05\/IMGP0243-300x225.jpg\" alt=\"\" width=\"300\" height=\"225\" srcset=\"https:\/\/www.projeltestautomatisation.com\/wordpress\/wp-content\/uploads\/2010\/05\/IMGP0243-300x225.jpg 300w, https:\/\/www.projeltestautomatisation.com\/wordpress\/wp-content\/uploads\/2010\/05\/IMGP0243.jpg 320w\" sizes=\"(max-width: 300px) 100vw, 300px\" \/><\/a><\/a><small><a title=\"Direction Googel  Street\" href=\"http:\/\/maps.google.ca\/maps?f=q&amp;source=embed&amp;hl=fr&amp;geocode=&amp;q=687+cowie+granby&amp;sll=49.310351,-123.125153&amp;sspn=0.180857,0.441513&amp;ie=UTF8&amp;hq=&amp;hnear=687+Rue+Cowie,+Granby,+La+Haute-Yamaska,+Qu%C3%A9bec&amp;ll=45.402488,-72.744598&amp;spn=0.005455,0.027595&amp;z=14&amp;layer=c&amp;cbll=45.394397,-72.748663&amp;panoid=GcY7nFNQNkPpkw2pChU_Qg&amp;cbp=11,342.28,,0,2.34\" target=\"_blank\"><\/a><\/small><\/p>\n<p><strong>Fond\u00e9 en 1987<\/strong>, \u00e0 ses d\u00e9buts Pro-Jel-Test \u00e9tait une entreprise \u0153uvrant  dans le <strong>domaine du service <\/strong>d\u2019entretien de <strong>Contr\u00f4le \u00c9lectronique ,  \u00c9lectrique et Pneumatique d\u2019\u00c9quipement Industriel de production<\/strong>.<\/p>\n<p>Son pr\u00e9sident fondateur, Mr Jean-Luc Therrien, a d\u00fb composer avec une  client\u00e8le tr\u00e8s <strong>diversifi\u00e9e<\/strong> \u00e0 ses d\u00e9buts.<\/p>\n<p>Passant du domaine :<\/p>\n<ul>\n<li><strong>Textile<\/strong><\/li>\n<li><strong>M\u00e9tallurgie<\/strong><\/li>\n<li><strong>Minier<\/strong><\/li>\n<li><strong>Imprimerie<\/strong><\/li>\n<li><strong>B\u00e2timent<\/strong><\/li>\n<li><strong>Transport<\/strong><\/li>\n<li><strong>Transformation de tous genres<\/strong><\/li>\n<\/ul>\n<p>L\u2019entreprise s\u2019est diversifi\u00e9e au fil des ann\u00e9es avec les besoins  grandissants de sa client\u00e8le, pour maintenant offrir des <a title=\"Services offert\" href=\"https:\/\/www.projeltestautomatisation.com\/wordpress\/services\" target=\"_self\">services<\/a> :<\/p>\n<ul>\n<li>en <strong>automatisation <\/strong>et<strong> Int\u00e9gration de Syst\u00e8me<\/strong><\/li>\n<li>en <strong>Fabrication M\u00e9canique<\/strong> de petit \u00e9quipement de production<\/li>\n<li>en <strong>S\u00e9curit\u00e9 homme\/machine<\/strong><\/li>\n<\/ul>\n<p>Ex.\u00a0: <strong>Garde m\u00e9canique<\/strong> et syst\u00e8me \u00c9lectrique de commande appropri\u00e9e \u00e0  la S\u00e9curit\u00e9<\/p>\n","protected":false},"excerpt":{"rendered":"<p>Fond\u00e9 en 1987, \u00e0 ses d\u00e9buts Pro-Jel-Test \u00e9tait une entreprise \u0153uvrant dans le domaine du service d\u2019entretien de Contr\u00f4le \u00c9lectronique<a href=\"https:\/\/www.projeltestautomatisation.com\/wordpress\/historique\" class=\"searchmore\">Read the Rest&#8230;<\/a><\/p>\n<div class=\"clr\"><\/div>\n","protected":false},"author":3,"featured_media":0,"parent":0,"menu_order":0,"comment_status":"closed","ping_status":"closed","template":"","meta":{"_mi_skip_tracking":false,"_monsterinsights_sitenote_active":false,"_monsterinsights_sitenote_note":"","_monsterinsights_sitenote_category":0,"_s2mail":""},"_links":{"self":[{"href":"https:\/\/www.projeltestautomatisation.com\/wordpress\/wp-json\/wp\/v2\/pages\/182"}],"collection":[{"href":"https:\/\/www.projeltestautomatisation.com\/wordpress\/wp-json\/wp\/v2\/pages"}],"about":[{"href":"https:\/\/www.projeltestautomatisation.com\/wordpress\/wp-json\/wp\/v2\/types\/page"}],"author":[{"embeddable":true,"href":"https:\/\/www.projeltestautomatisation.com\/wordpress\/wp-json\/wp\/v2\/users\/3"}],"replies":[{"embeddable":true,"href":"https:\/\/www.projeltestautomatisation.com\/wordpress\/wp-json\/wp\/v2\/comments?post=182"}],"version-history":[{"count":15,"href":"https:\/\/www.projeltestautomatisation.com\/wordpress\/wp-json\/wp\/v2\/pages\/182\/revisions"}],"predecessor-version":[{"id":186,"href":"https:\/\/www.projeltestautomatisation.com\/wordpress\/wp-json\/wp\/v2\/pages\/182\/revisions\/186"}],"wp:attachment":[{"href":"https:\/\/www.projeltestautomatisation.com\/wordpress\/wp-json\/wp\/v2\/media?parent=182"}],"curies":[{"name":"wp","href":"https:\/\/api.w.org\/{rel}","templated":true}]}}